{"id":2693,"date":"2021-12-01T15:20:40","date_gmt":"2021-12-01T15:20:40","guid":{"rendered":"https:\/\/hosting4agency.com\/dichiarazione-sulla-privacy-ue\/"},"modified":"2021-12-01T15:20:40","modified_gmt":"2021-12-01T15:20:40","slug":"dichiarazione-sulla-privacy-ue","status":"publish","type":"page","link":"https:\/\/hosting4agency.com\/en\/dichiarazione-sulla-privacy-ue\/","title":{"rendered":"Dichiarazione sulla Privacy (UE)"},"content":{"rendered":"\n<div style=\"height:50px\" aria-hidden=\"true\" class=\"wp-block-spacer\"><\/div>\n\n\n\n<!-- Legal document generated by Complianz | GDPR\/CCPA Cookie Consent https:\/\/wordpress.org\/plugins\/complianz-gdpr -->\n<div id=\"cmplz-document\" class=\"cmplz-document privacy-statement cmplz-document-eu\"><p><i>This privacy statement was last updated on 27 October 2025 and applies to citizens and legal permanent residents of the European Economic Area and Switzerland.<\/i><br \/><br \/><\/p><p><p>In this privacy statement, we explain what we do with the data we obtain about you via <a href=\"https:\/\/hosting4agency.com\/en\/\">https:\/\/hosting4agency.com\/en\/<\/a>. We recommend you carefully read this statement. In our processing we comply with the requirements of privacy legislation. That means, among other things, that:<\/p><ul>\n                <li>we clearly state the purposes for which we process personal data. We do this by means of this privacy statement;<\/li>\n                <li>we aim to limit our collection of personal data to only the personal data required for legitimate purposes;<\/li>\n                <li>we first request your explicit consent to process your personal data in cases requiring your consent;<\/li>\n                <li>we take appropriate security measures to protect your personal data and also require this from parties that process personal data on our behalf;<\/li>\n                <li>we respect your right to access your personal data or have it corrected or deleted, at your request.<\/li>\n            <\/ul><p>If you have any questions, or want to know exactly what data we keep of you, please contact us.<\/p><\/p><h2>1. Purpose, data and retention period<\/h2>We may collect or receive personal information for a number of purposes connected with our business operations which may include the following: (click to expand)<details class=\"cmplz-dropdown dropdown-privacy-statement\"><summary><div><h3>1.1 Contact &#8211; Through phone, mail, email and\/or webforms<\/h3><\/div><\/summary><p class=\"cmplz-subtitle\">For this purpose we use the following data:<\/p><p><ul><li>A first and last name<\/li><li>A home or other physical address, including street name and name of a city or town<\/li><li>An email address<\/li><li>A telephone number<\/li><li>IP Address<\/li><\/ul><\/p><p class=\"cmplz-subtitle\">The basis on which we may process these data is:<\/p><p><a target=\"_blank\" rel=\"noopener noreferrer nofollow\" href=\"https:\/\/cookiedatabase.org\/legal-bases\/#consent\">Upon the provision of consent.<\/a><\/p><p class=\"cmplz-subtitle\">Retention period<\/p><p>We retain this data until the service is terminated.<\/p><\/details><details class=\"cmplz-dropdown dropdown-privacy-statement\"><summary><div><h3>1.2 Newsletters<\/h3><\/div><\/summary><p class=\"cmplz-subtitle\">For this purpose we use the following data:<\/p><p><ul><li>A first and last name<\/li><li>A home or other physical address, including street name and name of a city or town<\/li><li>An email address<\/li><li>IP Address<\/li><li>Internet activity information, including, but not limited to, browsing history, search history, and information regarding a consumer&#039;s interaction with an Internet Web site, application, or advertisement<\/li><\/ul><\/p><p class=\"cmplz-subtitle\">The basis on which we may process these data is:<\/p><p><a target=\"_blank\" rel=\"noopener noreferrer nofollow\" href=\"https:\/\/cookiedatabase.org\/legal-bases\/#consent\">Upon the provision of consent.<\/a><\/p><p class=\"cmplz-subtitle\">Retention period<\/p><p>We retain this data until the service is terminated.<\/p><\/details><details class=\"cmplz-dropdown dropdown-privacy-statement\"><summary><div><h3>1.3 Compiling and analyzing statistics for website improvement.<\/h3><\/div><\/summary><p class=\"cmplz-subtitle\">For this purpose we use the following data:<\/p><p><ul><li>A first and last name<\/li><li>A home or other physical address, including street name and name of a city or town<\/li><li>An email address<\/li><li>IP Address<\/li><\/ul><\/p><p class=\"cmplz-subtitle\">The basis on which we may process these data is:<\/p><p><a target=\"_blank\" rel=\"noopener noreferrer nofollow\" href=\"https:\/\/cookiedatabase.org\/legal-bases\/#consent\">Upon the provision of consent.<\/a><\/p><p class=\"cmplz-subtitle\">Retention period<\/p><p>We retain this data until the service is terminated.<\/p><\/details><details class=\"cmplz-dropdown dropdown-privacy-statement\"><summary><div><h3>1.4 To be able to offer personalized products and services<\/h3><\/div><\/summary><p class=\"cmplz-subtitle\">For this purpose we use the following data:<\/p><p><ul><li>A first and last name<\/li><li>A home or other physical address, including street name and name of a city or town<\/li><li>An email address<\/li><li>IP Address<\/li><\/ul><\/p><p class=\"cmplz-subtitle\">The basis on which we may process these data is:<\/p><p><a target=\"_blank\" rel=\"noopener noreferrer nofollow\" href=\"https:\/\/cookiedatabase.org\/legal-bases\/#consent\">Upon the provision of consent.<\/a><\/p><p class=\"cmplz-subtitle\">Retention period<\/p><p>We retain this data until the service is terminated.<\/p><\/details><h2>2. Sharing with other parties<\/h2><p>We only share or disclose this data to processors for the following purposes:<\/p><p class=\"cmplz-subtitle\">Processors<\/p><p><b>Name:<\/b>&nbsp;E42 SRL<br \/>\n            <b>Country:<\/b>&nbsp;Italia<br \/>\n            <b>Purpose:<\/b>&nbsp;Hosting<br \/>\n            <b>Name:<\/b>&nbsp;Google Ireland Limited<br \/>\n            <b>Country:<\/b>&nbsp;Irlanda<br \/>\n            <b>Purpose:<\/b>&nbsp;Creare approfondimenti intelligenti, rilevare e rimuovere dati fraudolenti come lo spam e offrire prodotti come i rapporti ottimizzati<br \/>\n            <\/p><h2>3. Cookies<\/h2><p>Our website uses cookies. For more information about cookies, please refer to our <a href=\"https:\/\/hosting4agency.com\/en\/cookie-policy-ue\/\">Cookie Policy<\/a>.&nbsp;<\/p><h2>4. Disclosure practices<\/h2><p><p>We disclose personal information if we are required by law or by a court order, in response to a law enforcement agency, to the extent permitted under other provisions of law, to provide information, or for an investigation on a matter related to public safety.<\/p><p>If our website or organisation is taken over, sold, or involved in a merger or acquisition, your details may be disclosed to our advisers and any prospective purchasers and will be passed on to the new owners.<\/p><\/p><p>We have concluded a data Processing Agreement with Google.<\/p><p>Google may not use the data for any other Google services.<\/p><p>The inclusion of full IP addresses is blocked by us.<\/p><h2>5. Security<\/h2><p>We are committed to the security of personal data. We take appropriate security measures to limit abuse of and unauthorized access to personal data. This ensures that only the necessary persons have access to your data, that access to the data is protected, and that our security measures are regularly reviewed.<\/p><h2>6. Third-party websites<\/h2><p>This privacy statement does not apply to third-party websites connected by links on our website. We cannot guarantee that these third parties handle your personal data in a reliable or secure manner. We recommend you read the privacy statements of these websites prior to making use of these websites.<\/p><h2>7. Amendments to this privacy statement<\/h2><p>We reserve the right to make amendments to this privacy statement. It is recommended that you consult this privacy statement regularly in order to be aware of any changes. In addition, we will actively inform you wherever possible.<\/p><h2>8. Accessing and modifying your data<\/h2><p>If you have any questions or want to know which personal data we have about you, please contact us. You can contact us by using the information below. You have the following rights:<\/p><ul>\n                <li>You have the right to know why your personal data is needed, what will happen to it, and how long it will be retained for.<\/li>\n                <li>Right of access: You have the right to access your personal data that is known to us.<\/li>\n                <li>Right to rectification: you have the right to supplement, correct, have deleted or blocked your personal data whenever you wish.<\/li>\n                <li>If you give us your consent to process your data, you have the right to revoke that consent and to have your personal data deleted.<\/li>\n                <li>Right to transfer your data: you have the right to request all your personal data from the controller and transfer it in its entirety to another controller.<\/li>\n                <li>Right to object: you may object to the processing of your data. We comply with this, unless there are justified grounds for processing.<\/li>\n            <\/ul><p>Please make sure to always clearly state who you are, so that we can be certain that we do not modify or delete any data of the wrong person.<\/p><h2>9. Submitting a complaint<\/h2><p>If you are not satisfied with the way in which we handle (a complaint about) the processing of your personal data, you have the right to submit a complaint to the Data Protection Authority.<\/p><h2>10. Contact details<\/h2><p>E42 srl<br \/>\n        Dorsoduro 3649, 30123 Venezia \u2013 IT<br \/>\n        Italy<br \/>\n        Website: <a href=\"https:\/\/hosting4agency.com\/en\/\">https:\/\/hosting4agency.com\/en\/<\/a> <br \/>\n        Email: <span class=\"cmplz-obfuscate\">&#105;n&#102;o@<span class=\"cmplz-fmail-domain\">e&#120;&#046;&#099;om<\/span>el&#097;n42.&#099;o&#109;<\/span> <br \/>\n        Phone number: +39 041 3034754<\/p><h2>Annex<\/h2><p><h3>MailPoet<\/h3><h2>Newsletter e email di MailPoet<\/h2><p>Se ti sei iscritto alla nostra newsletter, o se sei un membro del nostro sito web (cio\u00e8 puoi accedevi), o se hai fatto acquisti sul nostro sito, c&#8217;\u00e8 una buona probabilit\u00e0 che tu riceva le nostre email.<\/p><p>Noi ti manderemo solo le email per le quali ti sei iscritto, o che hanno a che fare con i servizi che ti abbiamo offerto.<\/p><p>Per mandarti queste email, usiamo il nome e l&#8217;indirizzo email che ci hai fornito. Il nostro sito, inoltre, registra l&#8217;indirizzo IP che hai usato quando ti sei iscritto al servizio per prevenire abusi del sistema.<\/p><p>Questo sito pu\u00f2 inviare email attraverso il <a href=\"https:\/\/www.mailpoet.com\/privacy-notice\/\">Sending Service di MailPoet<\/a>. Questo servizio ci permette di monitorare le aperture e i clic sulle nostre email. Utilizziamo questi dati per migliorare il contenuto delle nostre newsletter.<\/p><p>Al di fuori di questo sito web, nessuna informazione identificabile \u00e8 tracciata in alcun modo, ad eccezione dell&#8217;indirizzo email.<\/p><h3>Complianz | The Privacy Suite for WordPress<\/h3><p>Questo sito web utilizza la Privacy Suite per WordPress di Complianz per raccogliere e registrare il consenso basato su browser e dispositivi. Per questa funzionalit\u00e0, il tuo indirizzo IP viene anonimizzato e conservato nel nostro database.&nbsp;Questo servizio non tratta alcuna informazione personale identificabile e non condivide alcun dato con il fornitore del servizio.&nbsp;Per ulteriori informazioni, vedere la <a href=\"https:\/\/complianz.io\/legal\/privacy-statement\/\">Dichiarazione sulla Privacy<\/a> di Complianz.<\/p><h3>Akismet<\/h3><p>Raccogliamo informazioni sui visitatori che commentano il sito e che usano il nostro servizio Akismet anti-spam. Le informazioni raccolte dipendono da come l&#8217;utente ha impostato Akismet, ma normalmente le informazioni includono l&#8217;indirizzo IP di chi commenta, lo user agent, il referrer, e l&#8217;URL del sito (insieme ad altre informazioni fornite direttamente dall&#8217;utente che commenta, come nome, username, indirizzo email, e il testo stesso del commento).<\/p><h3>WP Mail Logging<\/h3><p>Quando usi questo sito diverse azioni (ad esempio il commentare) innescano l&#8217;invio di mail. Queste contengono informazioni su di voi associate al vostro indirizzo email. Quali dati fanno parte di queste email dipende dall&#8217;azione eseguita. Queste email vengono immagazzinate e sono accessibili al gestore del sito sotto forma di log (registro).<\/p><h2>WPML<\/h2><p>WPML utilizza i cookie per identificare la lingua del visitatore corrente, quella dell&#8217;ultima visita e quella degli utenti che hanno effettuato l&#8217;accesso.<\/p><p>Quando si utilizza il plugin, WPML condivider\u00e0 i dati relativi al sito tramite il programma di installazione. Non verr\u00e0 condiviso nessun dato personale dell&#8217;utente.<\/p><h2>WPML Translation Management<\/h2><p>WPML Translation Management invier\u00e0 l&#8217;indirizzo e-mail e il nome di ciascun responsabile e traduttore assegnato, nonch\u00e9 gli stessi contenuti all&#8217;editor di traduzione avanzato e ai servizi di traduzione utilizzati.<\/p><h2>WPML String Translation<\/h2><p>WPML String Translation invier\u00e0 tutte le stringhe all&#8217;editor di traduzione avanzato di WPML e ai servizi di traduzione utilizzati.<\/p><\/p><\/div>","protected":false},"excerpt":{"rendered":"","protected":false},"author":1,"featured_media":0,"parent":0,"menu_order":0,"comment_status":"closed","ping_status":"closed","template":"","meta":{"footnotes":""},"class_list":["post-2693","page","type-page","status-publish","hentry"],"yoast_head":"<!-- This site is optimized with the Yoast SEO plugin v27.5 - https:\/\/yoast.com\/product\/yoast-seo-wordpress\/ -->\n<title>Dichiarazione sulla Privacy (UE) - Hosting4Agency<\/title>\n<meta name=\"robots\" content=\"index, follow, max-snippet:-1, max-image-preview:large, max-video-preview:-1\" \/>\n<link rel=\"canonical\" href=\"https:\/\/hosting4agency.com\/en\/dichiarazione-sulla-privacy-ue\/\" \/>\n<meta property=\"og:locale\" content=\"en_US\" \/>\n<meta property=\"og:type\" content=\"article\" \/>\n<meta property=\"og:title\" content=\"Dichiarazione sulla Privacy (UE) - Hosting4Agency\" \/>\n<meta property=\"og:url\" content=\"https:\/\/hosting4agency.com\/en\/dichiarazione-sulla-privacy-ue\/\" \/>\n<meta property=\"og:site_name\" content=\"Hosting4Agency\" \/>\n<meta property=\"article:publisher\" content=\"https:\/\/www.facebook.com\/hosting4agency\" \/>\n<meta property=\"og:image\" content=\"https:\/\/hosting4agency.com\/wp-content\/uploads\/2025\/05\/cropped-Logo-Ridotto-5.png\" \/>\n\t<meta property=\"og:image:width\" content=\"512\" \/>\n\t<meta property=\"og:image:height\" content=\"512\" \/>\n\t<meta property=\"og:image:type\" content=\"image\/png\" \/>\n<meta name=\"twitter:card\" content=\"summary_large_image\" \/>\n<script type=\"application\/ld+json\" class=\"yoast-schema-graph\">{\"@context\":\"https:\\\/\\\/schema.org\",\"@graph\":[{\"@type\":\"WebPage\",\"@id\":\"https:\\\/\\\/hosting4agency.com\\\/en\\\/dichiarazione-sulla-privacy-ue\\\/\",\"url\":\"https:\\\/\\\/hosting4agency.com\\\/en\\\/dichiarazione-sulla-privacy-ue\\\/\",\"name\":\"Dichiarazione sulla Privacy (UE) - Hosting4Agency\",\"isPartOf\":{\"@id\":\"https:\\\/\\\/hosting4agency.com\\\/en\\\/#website\"},\"datePublished\":\"2021-12-01T15:20:40+00:00\",\"breadcrumb\":{\"@id\":\"https:\\\/\\\/hosting4agency.com\\\/en\\\/dichiarazione-sulla-privacy-ue\\\/#breadcrumb\"},\"inLanguage\":\"en-US\",\"potentialAction\":[{\"@type\":\"ReadAction\",\"target\":[\"https:\\\/\\\/hosting4agency.com\\\/en\\\/dichiarazione-sulla-privacy-ue\\\/\"]}]},{\"@type\":\"BreadcrumbList\",\"@id\":\"https:\\\/\\\/hosting4agency.com\\\/en\\\/dichiarazione-sulla-privacy-ue\\\/#breadcrumb\",\"itemListElement\":[{\"@type\":\"ListItem\",\"position\":1,\"name\":\"Home\",\"item\":\"https:\\\/\\\/hosting4agency.com\\\/en\\\/\"},{\"@type\":\"ListItem\",\"position\":2,\"name\":\"Dichiarazione sulla Privacy (UE)\"}]},{\"@type\":\"WebSite\",\"@id\":\"https:\\\/\\\/hosting4agency.com\\\/en\\\/#website\",\"url\":\"https:\\\/\\\/hosting4agency.com\\\/en\\\/\",\"name\":\"Hosting 4 Agency\",\"description\":\"Hosting B2B2B per Agenzie\",\"publisher\":{\"@id\":\"https:\\\/\\\/hosting4agency.com\\\/en\\\/#organization\"},\"alternateName\":\"H4A\",\"potentialAction\":[{\"@type\":\"SearchAction\",\"target\":{\"@type\":\"EntryPoint\",\"urlTemplate\":\"https:\\\/\\\/hosting4agency.com\\\/en\\\/?s={search_term_string}\"},\"query-input\":{\"@type\":\"PropertyValueSpecification\",\"valueRequired\":true,\"valueName\":\"search_term_string\"}}],\"inLanguage\":\"en-US\"},{\"@type\":\"Organization\",\"@id\":\"https:\\\/\\\/hosting4agency.com\\\/en\\\/#organization\",\"name\":\"Hosting 4 Agency\",\"url\":\"https:\\\/\\\/hosting4agency.com\\\/en\\\/\",\"logo\":{\"@type\":\"ImageObject\",\"inLanguage\":\"en-US\",\"@id\":\"https:\\\/\\\/hosting4agency.com\\\/en\\\/#\\\/schema\\\/logo\\\/image\\\/\",\"url\":\"https:\\\/\\\/hosting4agency.com\\\/wp-content\\\/uploads\\\/2025\\\/05\\\/Logo-Ridotto-5.png\",\"contentUrl\":\"https:\\\/\\\/hosting4agency.com\\\/wp-content\\\/uploads\\\/2025\\\/05\\\/Logo-Ridotto-5.png\",\"width\":512,\"height\":512,\"caption\":\"Hosting 4 Agency\"},\"image\":{\"@id\":\"https:\\\/\\\/hosting4agency.com\\\/en\\\/#\\\/schema\\\/logo\\\/image\\\/\"},\"sameAs\":[\"https:\\\/\\\/www.facebook.com\\\/hosting4agency\"]}]}<\/script>\n<!-- \/ Yoast SEO plugin. -->","yoast_head_json":{"title":"Dichiarazione sulla Privacy (UE) - Hosting4Agency","robots":{"index":"index","follow":"follow","max-snippet":"max-snippet:-1","max-image-preview":"max-image-preview:large","max-video-preview":"max-video-preview:-1"},"canonical":"https:\/\/hosting4agency.com\/en\/dichiarazione-sulla-privacy-ue\/","og_locale":"en_US","og_type":"article","og_title":"Dichiarazione sulla Privacy (UE) - Hosting4Agency","og_url":"https:\/\/hosting4agency.com\/en\/dichiarazione-sulla-privacy-ue\/","og_site_name":"Hosting4Agency","article_publisher":"https:\/\/www.facebook.com\/hosting4agency","og_image":[{"width":512,"height":512,"url":"https:\/\/hosting4agency.com\/wp-content\/uploads\/2025\/05\/cropped-Logo-Ridotto-5.png","type":"image\/png"}],"twitter_card":"summary_large_image","schema":{"@context":"https:\/\/schema.org","@graph":[{"@type":"WebPage","@id":"https:\/\/hosting4agency.com\/en\/dichiarazione-sulla-privacy-ue\/","url":"https:\/\/hosting4agency.com\/en\/dichiarazione-sulla-privacy-ue\/","name":"Dichiarazione sulla Privacy (UE) - Hosting4Agency","isPartOf":{"@id":"https:\/\/hosting4agency.com\/en\/#website"},"datePublished":"2021-12-01T15:20:40+00:00","breadcrumb":{"@id":"https:\/\/hosting4agency.com\/en\/dichiarazione-sulla-privacy-ue\/#breadcrumb"},"inLanguage":"en-US","potentialAction":[{"@type":"ReadAction","target":["https:\/\/hosting4agency.com\/en\/dichiarazione-sulla-privacy-ue\/"]}]},{"@type":"BreadcrumbList","@id":"https:\/\/hosting4agency.com\/en\/dichiarazione-sulla-privacy-ue\/#breadcrumb","itemListElement":[{"@type":"ListItem","position":1,"name":"Home","item":"https:\/\/hosting4agency.com\/en\/"},{"@type":"ListItem","position":2,"name":"Dichiarazione sulla Privacy (UE)"}]},{"@type":"WebSite","@id":"https:\/\/hosting4agency.com\/en\/#website","url":"https:\/\/hosting4agency.com\/en\/","name":"Hosting 4 Agency","description":"Hosting B2B2B per Agenzie","publisher":{"@id":"https:\/\/hosting4agency.com\/en\/#organization"},"alternateName":"H4A","potentialAction":[{"@type":"SearchAction","target":{"@type":"EntryPoint","urlTemplate":"https:\/\/hosting4agency.com\/en\/?s={search_term_string}"},"query-input":{"@type":"PropertyValueSpecification","valueRequired":true,"valueName":"search_term_string"}}],"inLanguage":"en-US"},{"@type":"Organization","@id":"https:\/\/hosting4agency.com\/en\/#organization","name":"Hosting 4 Agency","url":"https:\/\/hosting4agency.com\/en\/","logo":{"@type":"ImageObject","inLanguage":"en-US","@id":"https:\/\/hosting4agency.com\/en\/#\/schema\/logo\/image\/","url":"https:\/\/hosting4agency.com\/wp-content\/uploads\/2025\/05\/Logo-Ridotto-5.png","contentUrl":"https:\/\/hosting4agency.com\/wp-content\/uploads\/2025\/05\/Logo-Ridotto-5.png","width":512,"height":512,"caption":"Hosting 4 Agency"},"image":{"@id":"https:\/\/hosting4agency.com\/en\/#\/schema\/logo\/image\/"},"sameAs":["https:\/\/www.facebook.com\/hosting4agency"]}]}},"_links":{"self":[{"href":"https:\/\/hosting4agency.com\/en\/wp-json\/wp\/v2\/pages\/2693","targetHints":{"allow":["GET"]}}],"collection":[{"href":"https:\/\/hosting4agency.com\/en\/wp-json\/wp\/v2\/pages"}],"about":[{"href":"https:\/\/hosting4agency.com\/en\/wp-json\/wp\/v2\/types\/page"}],"author":[{"embeddable":true,"href":"https:\/\/hosting4agency.com\/en\/wp-json\/wp\/v2\/users\/1"}],"replies":[{"embeddable":true,"href":"https:\/\/hosting4agency.com\/en\/wp-json\/wp\/v2\/comments?post=2693"}],"version-history":[{"count":0,"href":"https:\/\/hosting4agency.com\/en\/wp-json\/wp\/v2\/pages\/2693\/revisions"}],"wp:attachment":[{"href":"https:\/\/hosting4agency.com\/en\/wp-json\/wp\/v2\/media?parent=2693"}],"curies":[{"name":"wp","href":"https:\/\/api.w.org\/{rel}","templated":true}]}}